{"id":435,"date":"2025-04-16T16:25:38","date_gmt":"2025-04-16T14:25:38","guid":{"rendered":"https:\/\/faunastika.com\/?page_id=435"},"modified":"2025-04-16T16:25:38","modified_gmt":"2025-04-16T14:25:38","slug":"zasady-ochrany-osobnich-udaju","status":"publish","type":"page","link":"https:\/\/faunastika.com\/index.php\/cs\/zasady-ochrany-osobnich-udaju\/","title":{"rendered":"Z\u00e1sady ochrany osobn\u00edch \u00fadaj\u016f"},"content":{"rendered":"\n<h2 class=\"wp-block-heading\">Naposledy aktualizov\u00e1no: 16. dubna 2025<\/h2>\n\n\n\n<p>Faunastika.com (\u201emy\u201c, \u201en\u00e1s\u201c nebo \u201ena\u0161e\u201c) se zavazuje chr\u00e1nit va\u0161e soukrom\u00ed. Tento dokument o ochran\u011b osobn\u00edch \u00fadaj\u016f vysv\u011btluje, jak shroma\u017e\u010fujeme, pou\u017e\u00edv\u00e1me a chr\u00e1n\u00edme va\u0161e osobn\u00ed \u00fadaje, kdy\u017e nav\u0161t\u00edv\u00edte n\u00e1\u0161 web a p\u0159ihl\u00e1s\u00edte se k odb\u011bru na\u0161eho newsletteru.<\/p>\n\n\n\n<ol class=\"wp-block-list\">\n<li>Shroma\u017e\u010fujeme pouze osobn\u00ed \u00fadaje, kter\u00e9 n\u00e1m dobrovoln\u011b poskytnete p\u0159i p\u0159ihl\u00e1\u0161en\u00ed k odb\u011bru na\u0161eho newsletteru. To zahrnuje:<\/li>\n<\/ol>\n\n\n\n<pre class=\"wp-block-code\"><code>Emailov\u00e1 adresa<\/code><\/pre>\n\n\n\n<p>Nezhroma\u017e\u010fujeme informace prost\u0159ednictv\u00edm koment\u00e1\u0159\u016f, proto\u017ee komentov\u00e1n\u00ed je na na\u0161em webu zak\u00e1z\u00e1no.<\/p>\n\n\n\n<p>2. Va\u0161i emailovou adresu pou\u017e\u00edv\u00e1me v\u00fdhradn\u011b na:<\/p>\n\n\n\n<pre class=\"wp-block-code\"><code>Odes\u00edl\u00e1n\u00ed na\u0161eho newsletteru a novinek t\u00fdkaj\u00edc\u00edch se Faunastika.com<\/code><\/pre>\n\n\n\n<p>Va\u0161e \u00fadaje nepou\u017e\u00edv\u00e1me k \u017e\u00e1dn\u00fdm jin\u00fdm \u00fa\u010del\u016fm.<\/p>\n\n\n\n<p>3. Va\u0161e osobn\u00ed \u00fadaje neprod\u00e1v\u00e1me, nevym\u011b\u0148ujeme ani jinak neposkytujeme t\u0159et\u00edm stran\u00e1m. Va\u0161e emailov\u00e1 adresa je pou\u017eita pouze k zas\u00edl\u00e1n\u00ed na\u0161eho newsletteru a nen\u00ed sd\u00edlena s t\u0159et\u00edmi stranami, krom\u011b p\u0159\u00edpad\u016f, kdy je to nutn\u00e9 k poskytov\u00e1n\u00ed slu\u017eby newsletteru (nap\u0159\u00edklad prost\u0159ednictv\u00edm na\u0161eho poskytovatele e-mailov\u00fdch slu\u017eeb).<\/p>\n\n\n\n<p>4. P\u0159ij\u00edm\u00e1me p\u0159im\u011b\u0159en\u00e1 opat\u0159en\u00ed na ochranu va\u0161ich osobn\u00edch \u00fadaj\u016f p\u0159ed neopr\u00e1vn\u011bn\u00fdm p\u0159\u00edstupem, zm\u011bnou, zve\u0159ejn\u011bn\u00edm nebo zni\u010den\u00edm.<\/p>\n\n\n\n<p>5. Ze sv\u00e9ho odb\u011bru newsletteru se m\u016f\u017eete kdykoli odhl\u00e1sit kliknut\u00edm na odkaz \u201eodhl\u00e1sit se\u201c v kter\u00e9mkoli z na\u0161ich e-mail\u016f. Pokud si p\u0159ejete z\u00edskat p\u0159\u00edstup ke sv\u00fdm osobn\u00edm \u00fadaj\u016fm, opravit je nebo je smazat, kontaktujte n\u00e1s na faunastika.com@gmail.com.<\/p>\n\n\n\n<p><br>6. Na\u0161e webov\u00e1 str\u00e1nka m\u016f\u017ee obsahovat odkazy na jin\u00e9 webov\u00e9 str\u00e1nky. Nejsme odpov\u011bdn\u00ed za z\u00e1sady ochrany osobn\u00edch \u00fadaj\u016f nebo obsah t\u011bchto str\u00e1nek.<\/p>\n\n\n\n<p><br>7. Tento dokument o ochran\u011b osobn\u00edch \u00fadaj\u016f m\u016f\u017eeme \u010das od \u010dasu aktualizovat. V\u0161echny zm\u011bny budou zve\u0159ejn\u011bny na t\u00e9to str\u00e1nce s aktualizovan\u00fdm datem revize.<\/p>\n\n\n\n<p><br>8. Pokud m\u00e1te jak\u00e9koli ot\u00e1zky t\u00fdkaj\u00edc\u00ed se tohoto dokumentu o ochran\u011b osobn\u00edch \u00fadaj\u016f, kontaktujte n\u00e1s na faunastika.com@gmail.com.<\/p>\n","protected":false},"excerpt":{"rendered":"<p>Naposledy aktualizov\u00e1no: 16. dubna 2025 Faunastika.com (\u201emy\u201c, \u201en\u00e1s\u201c nebo \u201ena\u0161e\u201c) se zavazuje chr\u00e1nit va\u0161e soukrom\u00ed. Tento dokument o ochran\u011b osobn\u00edch \u00fadaj\u016f vysv\u011btluje, jak shroma\u017e\u010fujeme, pou\u017e\u00edv\u00e1me a chr\u00e1n\u00edme va\u0161e osobn\u00ed \u00fadaje, kdy\u017e nav\u0161t\u00edv\u00edte n\u00e1\u0161 web a p\u0159ihl\u00e1s\u00edte se k odb\u011bru na\u0161eho newsletteru. Nezhroma\u017e\u010fujeme informace prost\u0159ednictv\u00edm koment\u00e1\u0159\u016f, proto\u017ee komentov\u00e1n\u00ed je na na\u0161em webu zak\u00e1z\u00e1no. 2. Va\u0161i emailovou&#8230;<\/p>\n","protected":false},"author":1,"featured_media":0,"parent":0,"menu_order":0,"comment_status":"closed","ping_status":"open","template":"","meta":{"_kadence_starter_templates_imported_post":false,"_kad_post_transparent":"","_kad_post_title":"","_kad_post_layout":"","_kad_post_sidebar_id":"","_kad_post_content_style":"","_kad_post_vertical_padding":"","_kad_post_feature":"","_kad_post_feature_position":"","_kad_post_header":false,"_kad_post_footer":false,"_kad_post_classname":"","footnotes":""},"class_list":["post-435","page","type-page","status-publish","hentry"],"yoast_head":"<!-- This site is optimized with the Yoast SEO plugin v27.4 - https:\/\/yoast.com\/product\/yoast-seo-wordpress\/ -->\n<title>Z\u00e1sady ochrany osobn\u00edch \u00fadaj\u016f - blog<\/title>\n<meta name=\"robots\" content=\"index, follow, max-snippet:-1, max-image-preview:large, max-video-preview:-1\" \/>\n<link rel=\"canonical\" href=\"https:\/\/faunastika.com\/index.php\/cs\/zasady-ochrany-osobnich-udaju\/\" \/>\n<meta property=\"og:locale\" content=\"en_GB\" \/>\n<meta property=\"og:type\" content=\"article\" \/>\n<meta property=\"og:title\" content=\"Z\u00e1sady ochrany osobn\u00edch \u00fadaj\u016f - blog\" \/>\n<meta property=\"og:description\" content=\"Naposledy aktualizov\u00e1no: 16. dubna 2025 Faunastika.com (\u201emy\u201c, \u201en\u00e1s\u201c nebo \u201ena\u0161e\u201c) se zavazuje chr\u00e1nit va\u0161e soukrom\u00ed. Tento dokument o ochran\u011b osobn\u00edch \u00fadaj\u016f vysv\u011btluje, jak shroma\u017e\u010fujeme, pou\u017e\u00edv\u00e1me a chr\u00e1n\u00edme va\u0161e osobn\u00ed \u00fadaje, kdy\u017e nav\u0161t\u00edv\u00edte n\u00e1\u0161 web a p\u0159ihl\u00e1s\u00edte se k odb\u011bru na\u0161eho newsletteru. Nezhroma\u017e\u010fujeme informace prost\u0159ednictv\u00edm koment\u00e1\u0159\u016f, proto\u017ee komentov\u00e1n\u00ed je na na\u0161em webu zak\u00e1z\u00e1no. 2. Va\u0161i emailovou...\" \/>\n<meta property=\"og:url\" content=\"https:\/\/faunastika.com\/index.php\/cs\/zasady-ochrany-osobnich-udaju\/\" \/>\n<meta property=\"og:site_name\" content=\"blog\" \/>\n<script type=\"application\/ld+json\" class=\"yoast-schema-graph\">{\"@context\":\"https:\\\/\\\/schema.org\",\"@graph\":[{\"@type\":\"WebPage\",\"@id\":\"https:\\\/\\\/faunastika.com\\\/index.php\\\/cs\\\/zasady-ochrany-osobnich-udaju\\\/\",\"url\":\"https:\\\/\\\/faunastika.com\\\/index.php\\\/cs\\\/zasady-ochrany-osobnich-udaju\\\/\",\"name\":\"Z\u00e1sady ochrany osobn\u00edch \u00fadaj\u016f - blog\",\"isPartOf\":{\"@id\":\"https:\\\/\\\/faunastika.com\\\/#website\"},\"datePublished\":\"2025-04-16T14:25:38+00:00\",\"breadcrumb\":{\"@id\":\"https:\\\/\\\/faunastika.com\\\/index.php\\\/cs\\\/zasady-ochrany-osobnich-udaju\\\/#breadcrumb\"},\"inLanguage\":\"en-GB\",\"potentialAction\":[{\"@type\":\"ReadAction\",\"target\":[\"https:\\\/\\\/faunastika.com\\\/index.php\\\/cs\\\/zasady-ochrany-osobnich-udaju\\\/\"]}]},{\"@type\":\"BreadcrumbList\",\"@id\":\"https:\\\/\\\/faunastika.com\\\/index.php\\\/cs\\\/zasady-ochrany-osobnich-udaju\\\/#breadcrumb\",\"itemListElement\":[{\"@type\":\"ListItem\",\"position\":1,\"name\":\"Home\",\"item\":\"https:\\\/\\\/faunastika.com\\\/\"},{\"@type\":\"ListItem\",\"position\":2,\"name\":\"Z\u00e1sady ochrany osobn\u00edch \u00fadaj\u016f\"}]},{\"@type\":\"WebSite\",\"@id\":\"https:\\\/\\\/faunastika.com\\\/#website\",\"url\":\"https:\\\/\\\/faunastika.com\\\/\",\"name\":\"Faunastika blog\",\"description\":\"Blog about animal welfare and my life\",\"publisher\":{\"@id\":\"https:\\\/\\\/faunastika.com\\\/#organization\"},\"potentialAction\":[{\"@type\":\"SearchAction\",\"target\":{\"@type\":\"EntryPoint\",\"urlTemplate\":\"https:\\\/\\\/faunastika.com\\\/?s={search_term_string}\"},\"query-input\":{\"@type\":\"PropertyValueSpecification\",\"valueRequired\":true,\"valueName\":\"search_term_string\"}}],\"inLanguage\":\"en-GB\"},{\"@type\":\"Organization\",\"@id\":\"https:\\\/\\\/faunastika.com\\\/#organization\",\"name\":\"Faunastika blog\",\"url\":\"https:\\\/\\\/faunastika.com\\\/\",\"logo\":{\"@type\":\"ImageObject\",\"inLanguage\":\"en-GB\",\"@id\":\"https:\\\/\\\/faunastika.com\\\/#\\\/schema\\\/logo\\\/image\\\/\",\"url\":\"https:\\\/\\\/faunastika.com\\\/wp-content\\\/uploads\\\/2024\\\/03\\\/cropped-5.png\",\"contentUrl\":\"https:\\\/\\\/faunastika.com\\\/wp-content\\\/uploads\\\/2024\\\/03\\\/cropped-5.png\",\"width\":499,\"height\":200,\"caption\":\"Faunastika blog\"},\"image\":{\"@id\":\"https:\\\/\\\/faunastika.com\\\/#\\\/schema\\\/logo\\\/image\\\/\"},\"sameAs\":[\"https:\\\/\\\/www.youtube.com\\\/@Faunastika\"]}]}<\/script>\n<!-- \/ Yoast SEO plugin. -->","yoast_head_json":{"title":"Z\u00e1sady ochrany osobn\u00edch \u00fadaj\u016f - blog","robots":{"index":"index","follow":"follow","max-snippet":"max-snippet:-1","max-image-preview":"max-image-preview:large","max-video-preview":"max-video-preview:-1"},"canonical":"https:\/\/faunastika.com\/index.php\/cs\/zasady-ochrany-osobnich-udaju\/","og_locale":"en_GB","og_type":"article","og_title":"Z\u00e1sady ochrany osobn\u00edch \u00fadaj\u016f - blog","og_description":"Naposledy aktualizov\u00e1no: 16. dubna 2025 Faunastika.com (\u201emy\u201c, \u201en\u00e1s\u201c nebo \u201ena\u0161e\u201c) se zavazuje chr\u00e1nit va\u0161e soukrom\u00ed. Tento dokument o ochran\u011b osobn\u00edch \u00fadaj\u016f vysv\u011btluje, jak shroma\u017e\u010fujeme, pou\u017e\u00edv\u00e1me a chr\u00e1n\u00edme va\u0161e osobn\u00ed \u00fadaje, kdy\u017e nav\u0161t\u00edv\u00edte n\u00e1\u0161 web a p\u0159ihl\u00e1s\u00edte se k odb\u011bru na\u0161eho newsletteru. Nezhroma\u017e\u010fujeme informace prost\u0159ednictv\u00edm koment\u00e1\u0159\u016f, proto\u017ee komentov\u00e1n\u00ed je na na\u0161em webu zak\u00e1z\u00e1no. 2. Va\u0161i emailovou...","og_url":"https:\/\/faunastika.com\/index.php\/cs\/zasady-ochrany-osobnich-udaju\/","og_site_name":"blog","schema":{"@context":"https:\/\/schema.org","@graph":[{"@type":"WebPage","@id":"https:\/\/faunastika.com\/index.php\/cs\/zasady-ochrany-osobnich-udaju\/","url":"https:\/\/faunastika.com\/index.php\/cs\/zasady-ochrany-osobnich-udaju\/","name":"Z\u00e1sady ochrany osobn\u00edch \u00fadaj\u016f - blog","isPartOf":{"@id":"https:\/\/faunastika.com\/#website"},"datePublished":"2025-04-16T14:25:38+00:00","breadcrumb":{"@id":"https:\/\/faunastika.com\/index.php\/cs\/zasady-ochrany-osobnich-udaju\/#breadcrumb"},"inLanguage":"en-GB","potentialAction":[{"@type":"ReadAction","target":["https:\/\/faunastika.com\/index.php\/cs\/zasady-ochrany-osobnich-udaju\/"]}]},{"@type":"BreadcrumbList","@id":"https:\/\/faunastika.com\/index.php\/cs\/zasady-ochrany-osobnich-udaju\/#breadcrumb","itemListElement":[{"@type":"ListItem","position":1,"name":"Home","item":"https:\/\/faunastika.com\/"},{"@type":"ListItem","position":2,"name":"Z\u00e1sady ochrany osobn\u00edch \u00fadaj\u016f"}]},{"@type":"WebSite","@id":"https:\/\/faunastika.com\/#website","url":"https:\/\/faunastika.com\/","name":"Faunastika blog","description":"Blog about animal welfare and my life","publisher":{"@id":"https:\/\/faunastika.com\/#organization"},"potentialAction":[{"@type":"SearchAction","target":{"@type":"EntryPoint","urlTemplate":"https:\/\/faunastika.com\/?s={search_term_string}"},"query-input":{"@type":"PropertyValueSpecification","valueRequired":true,"valueName":"search_term_string"}}],"inLanguage":"en-GB"},{"@type":"Organization","@id":"https:\/\/faunastika.com\/#organization","name":"Faunastika blog","url":"https:\/\/faunastika.com\/","logo":{"@type":"ImageObject","inLanguage":"en-GB","@id":"https:\/\/faunastika.com\/#\/schema\/logo\/image\/","url":"https:\/\/faunastika.com\/wp-content\/uploads\/2024\/03\/cropped-5.png","contentUrl":"https:\/\/faunastika.com\/wp-content\/uploads\/2024\/03\/cropped-5.png","width":499,"height":200,"caption":"Faunastika blog"},"image":{"@id":"https:\/\/faunastika.com\/#\/schema\/logo\/image\/"},"sameAs":["https:\/\/www.youtube.com\/@Faunastika"]}]}},"_links":{"self":[{"href":"https:\/\/faunastika.com\/index.php\/wp-json\/wp\/v2\/pages\/435","targetHints":{"allow":["GET"]}}],"collection":[{"href":"https:\/\/faunastika.com\/index.php\/wp-json\/wp\/v2\/pages"}],"about":[{"href":"https:\/\/faunastika.com\/index.php\/wp-json\/wp\/v2\/types\/page"}],"author":[{"embeddable":true,"href":"https:\/\/faunastika.com\/index.php\/wp-json\/wp\/v2\/users\/1"}],"replies":[{"embeddable":true,"href":"https:\/\/faunastika.com\/index.php\/wp-json\/wp\/v2\/comments?post=435"}],"version-history":[{"count":1,"href":"https:\/\/faunastika.com\/index.php\/wp-json\/wp\/v2\/pages\/435\/revisions"}],"predecessor-version":[{"id":436,"href":"https:\/\/faunastika.com\/index.php\/wp-json\/wp\/v2\/pages\/435\/revisions\/436"}],"wp:attachment":[{"href":"https:\/\/faunastika.com\/index.php\/wp-json\/wp\/v2\/media?parent=435"}],"curies":[{"name":"wp","href":"https:\/\/api.w.org\/{rel}","templated":true}]}}